{"id":319,"date":"2018-05-30T20:35:58","date_gmt":"2018-05-30T20:35:58","guid":{"rendered":"http:\/\/anacami.com\/?page_id=319"},"modified":"2026-04-06T21:42:50","modified_gmt":"2026-04-06T21:42:50","slug":"contact-1","status":"publish","type":"page","link":"https:\/\/anacami.com\/?page_id=319","title":{"rendered":"Contacto"},"content":{"rendered":"<div class=\"brz-root__container brz-reset-all brz brz-root__container-page\">\n<section id=\"_jdjsxumdfhgrtfmiarxlkbqbbblsusvdiozl\" class=\"brz-section brz-css-l2ve7s\">\n<div class=\"brz-section__content brz-section--boxed brz-css-uhjpzc brz-css-1ymculg\" data-brz-custom-id=\"pgdhrpzuropqetvfrunibiphmynhazdbydqg\">\n<div class=\"brz-bg\">\n<div class=\"brz-bg-image\"><\/div>\n<div class=\"brz-bg-color\"><\/div>\n<\/div>\n<div class=\"brz-container brz-css-1p0dyve\">\n<div id=\"\" data-brz-iteration-count=\"1\" class=\"brz-css-m1av1 brz-wrapper brz-animated brz-css-bqg32j brz-css-vivqy9\" data-animationid=\"cavikzhkjxwsfgfxkteexszzbdkgccvwdffn\">\n<div class=\"brz-rich-text brz-rich-text__custom brz-css-7q674z\" data-brz-custom-id=\"tdwydgymgvtwjbdvxicxgjkyvtxnjosbqqwr\">\n<div data-brz-translate-text=\"1\">\n<h1 class=\"brz-mb-lg-0 brz-tp-lg-heading1 brz-text-lg-center brz-css-ni7gO\" data-generated-css=\"brz-css-souhy\" data-uniq-id=\"xtlpk\"><span class=\"brz-cp-color2\">Sonr\u00ede con confianza, cuidamos de tu salud dental<\/span><\/h1>\n<h1 class=\"brz-mb-lg-0 brz-tp-lg-heading1 brz-text-lg-center brz-css-yxKNL\" data-generated-css=\"brz-css-xoibt\" data-uniq-id=\"ljchi\"><span class=\"brz-scp-color7 brz-cp-color8\">Cont\u00e1ctanos hoy mismo<\/span><\/h1>\n<\/div>\n<\/div>\n<\/div>\n<\/div>\n<\/div>\n<\/section>\n<section id=\"_rshY_dJil0\" class=\"brz-section brz-css-l2ve7s\">\n<div class=\"brz-section__content brz-section--boxed brz-css-uhjpzc brz-css-151io0q\" data-brz-custom-id=\"wVTNyTdME1\">\n<div class=\"brz-bg\">\n<div class=\"brz-bg-color\"><\/div>\n<\/div>\n<div class=\"brz-container brz-css-1p0dyve brz-css-12qvs5k\">\n<div id=\"\" class=\"brz-css-m1av1 brz-wrapper\">\n<div class=\"brz-rich-text brz-rich-text__custom brz-css-7q674z\" data-brz-custom-id=\"DldLjeTjbP\">\n<div data-brz-translate-text=\"1\">\n<h2 class=\"brz-text-lg-center brz-tp-lg-heading2 brz-css-tyN2B\" data-uniq-id=\"qcfde\" data-generated-css=\"brz-css-vcavv\">Cont\u00e1ctanos<\/h2>\n<\/div>\n<\/div>\n<\/div>\n<div id=\"\" class=\"brz-css-m1av1 brz-css-js67bo brz-wrapper\">\n<div class=\"brz-rich-text brz-rich-text__custom brz-css-7q674z\" data-brz-custom-id=\"wbJUmIS0G8\">\n<div data-brz-translate-text=\"1\">\n<p class=\"brz-tp-lg-subtitle brz-text-lg-center brz-css-mp9dk\" data-generated-css=\"brz-css-tugin\" data-uniq-id=\"mybrh\"><strong class=\"brz-cp-color3\">Rellene el siguiente formulario y nos pondremos en contacto con usted para confirmar su cita:<\/strong><\/p>\n<\/div>\n<\/div>\n<\/div>\n<div id=\"\" class=\"brz-css-m1av1 brz-css-qnyvzq brz-wrapper\">\n<div class=\"brz-spacer brz-css-12ljmf3 brz-css-6cnr88\"><\/div>\n<\/div>\n<div class=\"brz-row__container brz-css-jpoe7h\" data-brz-custom-id=\"CPp9Aj0jko\">\n<div class=\"brz-bg\"><\/div>\n<div class=\"brz-row brz-css-mv0pvb brz-css-5xi7zq\">\n<div class=\"brz-columns brz-css-difi2 brz-css-e4ctvx\" data-brz-custom-id=\"L56yfEWtiz\">\n<div class=\"brz-bg\">\n<div class=\"brz-bg-color\"><\/div>\n<\/div>\n<div class=\"brz-column__items brz-css-1v0dvt3 brz-css-1kmb8v6\">\n<div id=\"\" class=\"brz-css-m1av1 brz-wrapper\">\n<div class=\"brz-forms brz-css-o7w43l brz-css-1nuvcvl\" data-brz-form-version=\"1\" data-brz-custom-id=\"vNPf06Bn3Y\">\n<div class=\"brz-forms__fields brz-css-do4nim brz-css-1qh8ixt\">\n<div class=\"brz-forms__item brz-css-u40kyy brz-css-1okce1m\"><\/div>\n<div class=\"brz-forms__item brz-css-u40kyy brz-css-1gawce6\"><\/div>\n<div class=\"brz-forms__item brz-css-u40kyy\">\n<div data-brz-label=\"Dentista\">\n<div class=\"brz-control__select brz-control__select--bottom-left\">\n<div class=\"brz-control__select-current brz-control__select-current__input\">\n<div class=\"brz-control__select-option\" title=\"\" data-value=\"\">Dentista<\/div>\n<\/div>\n<div class=\"brz-control__select-options\">\n<div class=\"brz-scrollbar__wrapper\">\n<div class=\"brz-scrollbar__view\">\n<div class=\"brz-control__select-option\" title=\"\" data-value=\"\">Dentista<\/div>\n<div class=\"brz-control__select-option\" title=\"\" data-value=\"Implantes\">Implantes<\/div>\n<div class=\"brz-control__select-option\" title=\"\" data-value=\"Consultas\">Consultas<\/div>\n<div class=\"brz-control__select-option\" title=\"\" data-value=\"Cirug\u00eda\">Cirug\u00eda<\/div>\n<div class=\"brz-control__select-option\" title=\"\" data-value=\"Ortodoncia\">Ortodoncia<\/div>\n<\/div>\n<div>\n<div class=\"brz-scrollColor__light\"><\/div>\n<\/div>\n<div>\n<div class=\"brz-scrollColor__light\"><\/div>\n<\/div>\n<\/div>\n<\/div>\n<\/div>\n<\/div>\n<\/div>\n<div class=\"brz-forms__item brz-css-u40kyy brz-css-1ite6s4\"><textarea class=\"brz-textarea brz-forms__field\" id=\"YdcKJzXqdi\" name=\"YdcKJzXqdi\" data-brz-type=\"Paragraph\" data-brz-label=\"Introduzca su texto\"><\/textarea><\/div>\n<\/div>\n<p><button class=\"brz-btn brz-btn-submit brz-css-7dr1sv brz-css-jsg9mi\" data-brz-custom-id=\"dEHf90hNPO\"><span data-brz-translate-text=\"1\" class=\"brz-span brz-text__editor\">Enviar<\/span><\/button><\/p>\n<div class=\"brz-g-recaptcha\" data-sitekey=\"\" data-size=\"invisible\" data-callback=\"brzFormV1Captcha\"><\/div>\n<\/div>\n<\/div>\n<\/div>\n<\/div>\n<\/div>\n<\/div>\n<div id=\"\" class=\"brz-css-m1av1 brz-css-qnyvzq brz-wrapper\">\n<div class=\"brz-spacer brz-css-12ljmf3 brz-css-a2o1ss\"><\/div>\n<\/div>\n<\/div>\n<\/div>\n<\/section>\n<section id=\"_qkqcnbycgkfmdaamgqoqksurdfgidtronzwr\" class=\"brz-section brz-css-l2ve7s\">\n<div class=\"brz-section__content brz-section--boxed brz-css-uhjpzc brz-css-1513i0h\" data-brz-custom-id=\"lymxmzlreitlnfwabblmazahjvxmtpmztjqy\">\n<div class=\"brz-bg\">\n<div class=\"brz-bg-image\"><\/div>\n<div class=\"brz-bg-color\"><\/div>\n<\/div>\n<div class=\"brz-container brz-css-1p0dyve\">\n<div class=\"brz-row__container brz-css-jpoe7h\" data-brz-custom-id=\"ipbrfslmrhmebbooroitvtxqisfkfjqbjhiq\">\n<div class=\"brz-bg\"><\/div>\n<div class=\"brz-row brz-css-mv0pvb brz-css-5xi7zq\">\n<div class=\"brz-columns brz-css-difi2\" data-brz-custom-id=\"wyrvccspkvrwaobxilpzloxecjuevlckwbsd\">\n<div class=\"brz-bg\">\n<div class=\"brz-bg-color\"><\/div>\n<\/div>\n<div class=\"brz-column__items brz-css-1v0dvt3\">\n<div class=\"brz-row__container brz-css-jpoe7h\" data-brz-custom-id=\"ednlbzdsqqmjtzavgusalopaljzczowduvdf\">\n<div class=\"brz-bg\"><\/div>\n<div class=\"brz-row brz-row--inner brz-css-mv0pvb brz-css-5xi7zq\">\n<div class=\"brz-columns brz-css-difi2 brz-css-juafnk\" data-brz-custom-id=\"wdmwhqrmgtxrrmvuvwvpprldttfgwzfnrsjy\">\n<div class=\"brz-bg\">\n<div class=\"brz-bg-color\"><\/div>\n<\/div>\n<div class=\"brz-column__items brz-css-1v0dvt3 brz-css-g5prpl\">\n<div id=\"\" class=\"brz-css-m1av1 brz-css-1h603oo brz-wrapper\">\n<div class=\"brz-map brz-map_styles brz-css-mgcoxq brz-css-1h3cn2a\" data-brz-custom-id=\"vqvkgoelwphkmvmkwgamazmimbpuxkxzktmo\">\n<div class=\"brz-ui-ed-map-content\"><\/div>\n<\/div>\n<\/div>\n<\/div>\n<\/div>\n<\/div>\n<\/div>\n<\/div>\n<\/div>\n<div class=\"brz-columns brz-css-difi2\" data-brz-custom-id=\"diptbgjyifgxrbaysofvjwsniyqgisqkaupt\">\n<div class=\"brz-bg\"><\/div>\n<div class=\"brz-column__items brz-css-1v0dvt3\">\n<div class=\"brz-row__container brz-css-jpoe7h\" data-brz-custom-id=\"hfevnmqnmohucthjkqdlyvvbtjcvzbvnjtxp\">\n<div class=\"brz-bg\"><\/div>\n<div class=\"brz-row brz-row--inner brz-css-mv0pvb brz-css-5xi7zq\">\n<div class=\"brz-columns brz-css-difi2 brz-css-6uu9si\" data-brz-custom-id=\"rjptljonrqbkjgtgwkcdevovdrrwfewxnxhy\">\n<div class=\"brz-bg\"><\/div>\n<div class=\"brz-column__items brz-css-1v0dvt3 brz-css-3xyuzl\">\n<div id=\"\" class=\"brz-css-m1av1 brz-wrapper\">\n<div class=\"brz-icon-text brz-css-1pzzk51 brz-css-1tpkxje\" data-brz-custom-id=\"unruwvbrvqodcmkhmqqtygthqsacghecvtni\">\n<div class=\"brz-icon__container\" data-brz-custom-id=\"umygwnwgqpshucwximsvzlfdsekvppgcmwph\"><span class=\"brz-icon brz-span brz-css-1q0fv9u\"><\/span><\/div>\n<div class=\"brz-text-btn\">\n<div class=\"brz-rich-text brz-rich-text__custom brz-css-7q674z\" data-brz-custom-id=\"mmlhtwtspoazezgwcceetsaupzekrtmqsyss\">\n<div data-brz-translate-text=\"1\">\n<h4 class=\"brz-tp-lg-heading5 brz-mb-lg-0 brz-mb-xs-10 brz-css-lgpuz\" data-uniq-id=\"qxdiy\" data-generated-css=\"brz-css-fmzea\">Direcci\u00f3n<\/h4>\n<p class=\"brz-tp-lg-paragraph brz-css-wTwj2\" data-uniq-id=\"gfduk\" data-generated-css=\"brz-css-yuoyq\"><span class=\"brz-cp-color2\">R\u00faa Urzaiz, 157 (Peatonal Calvario). 36205 <\/span><strong class=\"brz-cp-color2\">Vigo<\/strong><\/p>\n<\/div>\n<\/div>\n<\/div>\n<\/div>\n<\/div>\n<div id=\"\" class=\"brz-css-m1av1 brz-css-u3r06q brz-wrapper\">\n<div class=\"brz-line brz-line-default brz-css-o5c9sb brz-css-e9z5cx\" data-brz-custom-id=\"kldbhvrmblifyoefgoshxcczsplipmdcunmt\">\n<hr class=\"brz-hr\"><\/div>\n<\/div>\n<div id=\"\" class=\"brz-css-m1av1 brz-wrapper\">\n<div class=\"brz-icon-text brz-css-1pzzk51 brz-css-qmc64g\" data-brz-custom-id=\"sfqvrqtksvwvmbnjqyfzkltudzwxbjjjewtl\">\n<div class=\"brz-icon__container\" data-brz-custom-id=\"eqksaszdbtlnqmwknjwmwbpjizhowsywsnpd\"><span class=\"brz-icon brz-span brz-css-1q0fv9u brz-css-mrzgp7\"><\/span><\/div>\n<div class=\"brz-text-btn\">\n<div class=\"brz-rich-text brz-rich-text__custom brz-css-7q674z\" data-brz-custom-id=\"mtpxoweurzkteyhprcqqatqvzktwsbqpixei\">\n<div data-brz-translate-text=\"1\">\n<h4 class=\"brz-tp-lg-heading5 brz-mb-lg-0 brz-mb-xs-10 brz-css-q0ImM\" data-generated-css=\"brz-css-kcuzw\" data-uniq-id=\"wvfev\">Tel\u00e9fono<\/h4>\n<p class=\"brz-tp-lg-paragraph brz-css-dcg7I\" data-generated-css=\"brz-css-lztqr\" data-uniq-id=\"hyadj\"><em class=\"brz-cp-color2\">+34 986 264 563<\/em><\/p>\n<\/div>\n<\/div>\n<\/div>\n<\/div>\n<\/div>\n<div id=\"\" class=\"brz-css-m1av1 brz-css-1k3vawx brz-wrapper\">\n<div class=\"brz-line brz-line-default brz-css-o5c9sb brz-css-a4ma9t\" data-brz-custom-id=\"eavlwthaffcyvfdqhsfmbyaqogklihoikzcp\">\n<hr class=\"brz-hr\"><\/div>\n<\/div>\n<div id=\"\" class=\"brz-css-m1av1 brz-wrapper\">\n<div class=\"brz-icon-text brz-css-1pzzk51 brz-css-4qy36k\" data-brz-custom-id=\"rznscbjejoiadagmbmkuyinfugcbcfafiojb\">\n<div class=\"brz-icon__container\" data-brz-custom-id=\"zlrcvpckzidsyrtxoxcwqlrnllnachbseowp\"><span class=\"brz-icon brz-span brz-css-1q0fv9u brz-css-9qv48q\"><\/span><\/div>\n<div class=\"brz-text-btn\">\n<div class=\"brz-rich-text brz-rich-text__custom brz-css-7q674z\" data-brz-custom-id=\"ptlpzsfjqbhygzffnnrlwvtcrixeuhczzffs\">\n<div data-brz-translate-text=\"1\">\n<h4 class=\"brz-mb-xs-10 brz-mb-lg-0 brz-tp-lg-heading5 brz-css-k12TN\" data-uniq-id=\"ksocl\" data-generated-css=\"brz-css-vxrkl\">Whatsapp<\/h4>\n<p class=\"brz-tp-lg-paragraph brz-css-nxhZh\" data-uniq-id=\"bxppz\" data-generated-css=\"brz-css-vikzm\"><em class=\"brz-cp-color2\">+34 679 493 667<\/em><\/p>\n<\/div>\n<\/div>\n<\/div>\n<\/div>\n<\/div>\n<div id=\"\" class=\"brz-css-m1av1 brz-css-1lnyjwk brz-wrapper\">\n<div class=\"brz-line brz-line-default brz-css-o5c9sb brz-css-lghexk\" data-brz-custom-id=\"blfraazmibaondxijbohsrpihjaqlncopune\">\n<hr class=\"brz-hr\"><\/div>\n<\/div>\n<\/div>\n<\/div>\n<\/div>\n<\/div>\n<\/div>\n<\/div>\n<\/div>\n<\/div>\n<\/div>\n<\/div>\n<\/section>\n<section id=\"_wppdodolfgndjzdypoygmrtkpeznvgafehmd\" class=\"brz-section brz-css-l2ve7s\">\n<div class=\"brz-section__content brz-section--boxed brz-css-uhjpzc brz-css-ljqvxc\" data-brz-custom-id=\"nbpsywxwmpoaygzzwtafbdbigcaevrddlzjz\">\n<div class=\"brz-bg\">\n<div class=\"brz-bg-color\"><\/div>\n<\/div>\n<div class=\"brz-container brz-css-1p0dyve\">\n<div class=\"brz-row__container brz-css-jpoe7h\" data-brz-custom-id=\"upeqfwarnoydrvgoohzbxraucimwfyekrviz\">\n<div class=\"brz-bg\"><\/div>\n<div class=\"brz-row brz-css-mv0pvb brz-css-5xi7zq\">\n<div class=\"brz-columns brz-css-difi2 brz-css-1xdl31q\" data-brz-custom-id=\"tpdmzmivbsaeggvkfprcfcsjsdawihbkeanm\">\n<div class=\"brz-bg\"><\/div>\n<div class=\"brz-column__items brz-css-1v0dvt3\">\n<div id=\"\" class=\"brz-css-m1av1 brz-wrapper\">\n<div class=\"brz-image brz-css-gby7cw\" data-brz-custom-id=\"ek_To6N7AZ2W\"><img decoding=\"async\" class=\"brz-img\" src=\"https:\/\/anacami.com\/wp-content\/uploads\/2024\/12\/logos-dic24.png\" alt=\"\" loading=\"lazy\"><\/div>\n<\/div>\n<\/div>\n<\/div>\n<\/div>\n<\/div>\n<div class=\"brz-row__container brz-css-jpoe7h\" data-brz-custom-id=\"sgtojyzehwyhhnydynrixzdnhvjulyjpnuex\">\n<div class=\"brz-bg\"><\/div>\n<div class=\"brz-row brz-css-mv0pvb brz-css-5xi7zq\">\n<div class=\"brz-columns brz-css-difi2 brz-css-1icbgxq\" data-brz-custom-id=\"ayuuctlvcrasnnrpslmfcvqduxxoxyyuwjko\">\n<div class=\"brz-bg\"><\/div>\n<div class=\"brz-column__items brz-css-1v0dvt3\">\n<div id=\"\" class=\"brz-css-m1av1 brz-wrapper\">\n<div class=\"brz-rich-text brz-rich-text__custom brz-css-7q674z\" data-brz-custom-id=\"bwaxtnxsnjbcvtwtrmhuetmjpbpzyihipxhn\">\n<div data-brz-translate-text=\"1\">\n<p class=\"brz-tp-lg-paragraph brz-css-gVWO5\" data-uniq-id=\"rqjyj\" data-generated-css=\"brz-css-jhkwp\">\u00a9 2023 Anacami Salud &#8211; Todos los derechos reservados<\/p>\n<\/div>\n<\/div>\n<\/div>\n<\/div>\n<\/div>\n<div class=\"brz-columns brz-css-difi2 brz-css-a99lvq\" data-brz-custom-id=\"iqveymwccfzvcuwbeqirtfxyngygehzqhklx\">\n<div class=\"brz-bg\"><\/div>\n<div class=\"brz-column__items brz-css-1v0dvt3\">\n<div id=\"\" class=\"brz-css-m1av1 brz-wrapper\">\n<div class=\"brz-rich-text brz-rich-text__custom brz-css-7q674z\" data-brz-custom-id=\"urumidoajuiqwjrnoczrsldghwqwyzdzwkye\">\n<div data-brz-translate-text=\"1\">\n<p class=\"brz-tp-lg-paragraph brz-css-xQKXM\" data-uniq-id=\"rqjyj\" data-generated-css=\"brz-css-jhkwp\">Aviso legal | Privacidad | Cookies<\/p>\n<\/div>\n<\/div>\n<\/div>\n<\/div>\n<\/div>\n<\/div>\n<\/div>\n<\/div>\n<\/div>\n<\/section>\n<\/div>\n<p>    <!-- version:1736980682 --><\/p>\n","protected":false},"excerpt":{"rendered":"<p>Sonr\u00ede con confianza, cuidamos de tu salud dental Cont\u00e1ctanos hoy mismo Cont\u00e1ctanos Rellene el siguiente formulario y nos pondremos en contacto con usted para confirmar su cita: Dentista Dentista Implantes [&hellip;]<\/p>\n","protected":false},"author":1,"featured_media":0,"parent":0,"menu_order":0,"comment_status":"closed","ping_status":"closed","template":"page-builder.php","meta":[],"brizy_media":[{"id":869,"url":"https:\/\/anacami.com\/wp-content\/uploads\/2023\/05\/Captura-de-pantalla-2023-05-04-105453.png","name":"Captura-de-pantalla-2023-05-04-105453.png","meta":{"brizy_attachment_uid":"wp-0035753a4da5b38645c2a7b0e6ab4b34.png","brizy_post_uid":["74d518816177aea4949c8e68a6f72932","588d4b080aa2c5499aa98b6822f307f9","41eb4a9bd2b1e9885c13fd7b123653ae"]}},{"id":898,"url":"https:\/\/anacami.com\/wp-content\/uploads\/2023\/05\/Captura-de-pantalla-2023-05-04-122750.png","name":"Captura-de-pantalla-2023-05-04-122750.png","meta":{"brizy_attachment_uid":"wp-dc81036c87d03976b6731fc1cdeadd95.png","brizy_post_uid":["41eb4a9bd2b1e9885c13fd7b123653ae"]}},{"id":1436,"url":"https:\/\/anacami.com\/wp-content\/uploads\/2024\/12\/logos-dic24.png","name":"logos-dic24.png","meta":{"brizy_attachment_uid":"wp-cfdaa08dfc901032de47d2805b255d0e.png","brizy_post_uid":["74d518816177aea4949c8e68a6f72932","7361d78e8e35c4cf94ef472ff7ce6c49","588d4b080aa2c5499aa98b6822f307f9","41eb4a9bd2b1e9885c13fd7b123653ae"]}}],"_links":{"self":[{"href":"https:\/\/anacami.com\/index.php?rest_route=\/wp\/v2\/pages\/319"}],"collection":[{"href":"https:\/\/anacami.com\/index.php?rest_route=\/wp\/v2\/pages"}],"about":[{"href":"https:\/\/anacami.com\/index.php?rest_route=\/wp\/v2\/types\/page"}],"author":[{"embeddable":true,"href":"https:\/\/anacami.com\/index.php?rest_route=\/wp\/v2\/users\/1"}],"replies":[{"embeddable":true,"href":"https:\/\/anacami.com\/index.php?rest_route=%2Fwp%2Fv2%2Fcomments&post=319"}],"version-history":[{"count":30,"href":"https:\/\/anacami.com\/index.php?rest_route=\/wp\/v2\/pages\/319\/revisions"}],"predecessor-version":[{"id":1443,"href":"https:\/\/anacami.com\/index.php?rest_route=\/wp\/v2\/pages\/319\/revisions\/1443"}],"wp:attachment":[{"href":"https:\/\/anacami.com\/index.php?rest_route=%2Fwp%2Fv2%2Fmedia&parent=319"}],"curies":[{"name":"wp","href":"https:\/\/api.w.org\/{rel}","templated":true}]}}