{"id":206,"date":"2018-05-14T20:02:11","date_gmt":"2018-05-14T20:02:11","guid":{"rendered":"http:\/\/anacami.com\/?page_id=206"},"modified":"2026-04-06T21:42:37","modified_gmt":"2026-04-06T21:42:37","slug":"home-3","status":"publish","type":"page","link":"https:\/\/anacami.com\/?page_id=206","title":{"rendered":"Sobre nosotros"},"content":{"rendered":"<div class=\"brz-root__container brz-reset-all brz brz-root__container-page\">\n<section id=\"_yqzydpjzptrifynqkmbbkwgcujhgzadfcomo\" class=\"brz-section brz-css-t9e737\">\n<div class=\"brz-section__content brz-section--boxed brz-css-q8iyti brz-css-bhelbo\" data-brz-custom-id=\"sdrrswrmypzsareblqyuzbflrgifmlfcouay\">\n<div class=\"brz-bg\">\n<div class=\"brz-bg-image\"><\/div>\n<div class=\"brz-bg-color\"><\/div>\n<\/div>\n<div class=\"brz-container brz-css-10xqahd\">\n<div id=\"\" data-brz-iteration-count=\"1\" class=\"brz-css-13c9sgv brz-wrapper brz-animated brz-css-1ile0kl brz-css-9dyqnm\" data-animationid=\"gppoclluwsfyjxqcjkcznnwjwlpjctjhrcyy\">\n<div class=\"brz-rich-text brz-rich-text__custom brz-css-1ezlqvm\" data-brz-custom-id=\"wamqgohpvpvnbcsgqceosxpptpvejoygchsu\">\n<div data-brz-translate-text=\"1\">\n<h1 class=\"brz-text-lg-center brz-tp-lg-heading1 brz-mb-lg-0 brz-css-pOsuC\" data-uniq-id=\"kslbf\" data-generated-css=\"brz-css-alniz\"><span class=\"brz-cp-color2\">En Anacami Salud<\/span><\/h1>\n<h1 class=\"brz-text-lg-center brz-tp-lg-heading1 brz-mb-lg-0 brz-css-cYzMb\" data-uniq-id=\"wefdn\" data-generated-css=\"brz-css-owuft\"><span class=\"brz-scp-color7 brz-cp-color8\">Tu salud es lo mas importante<\/span><\/h1>\n<\/div>\n<\/div>\n<\/div>\n<\/div>\n<\/div>\n<\/section>\n<section id=\"_KtB24Jx2f_\" class=\"brz-section brz-css-t9e737\">\n<div class=\"brz-section__content brz-section--boxed brz-css-q8iyti brz-css-1psudyh\" data-brz-custom-id=\"TtZ_dJCPsw\">\n<div class=\"brz-bg\">\n<div class=\"brz-bg-color\"><\/div>\n<\/div>\n<div class=\"brz-container brz-css-10xqahd\">\n<div class=\"brz-row__container brz-css-15ym6cp\" data-brz-custom-id=\"6xWuJZs5cE\">\n<div class=\"brz-bg\"><\/div>\n<div class=\"brz-row brz-css-10e95gy brz-css-1y59jyd\">\n<div class=\"brz-columns brz-css-4txsmo\" data-brz-custom-id=\"BLlJCviOqc\">\n<div class=\"brz-bg\"><\/div>\n<div class=\"brz-column__items brz-css-1lry32z\">\n<div id=\"\" class=\"brz-css-13c9sgv brz-css-1kdqpr2 brz-wrapper\">\n<div class=\"brz-image brz-css-1hzc335\" data-brz-custom-id=\"x8_iJLG52z\"><img decoding=\"async\" class=\"brz-img\" src=\"https:\/\/anacami.com\/wp-content\/uploads\/brizy\/imgs\/Captura-de-pantalla-2023-05-04-110106-820x554x133x0x555x554x1683190882.png\" alt=\"\" loading=\"lazy\"><\/div>\n<\/div>\n<\/div>\n<\/div>\n<div class=\"brz-columns brz-css-4txsmo brz-css-k0dll2\" data-brz-custom-id=\"62ALH9N512\">\n<div class=\"brz-bg\"><\/div>\n<div class=\"brz-column__items brz-css-1lry32z brz-css-1wzi4k3\">\n<div id=\"\" class=\"brz-css-13c9sgv brz-css-xfx73k brz-wrapper\">\n<div class=\"brz-rich-text brz-rich-text__custom brz-css-1ezlqvm\" data-brz-custom-id=\"1g5q68OmlU\">\n<div data-brz-translate-text=\"1\">\n<h2 class=\"brz-fs-xs-25 brz-text-xs-center brz-text-lg-left brz-lh-lg-1_3 brz-ls-lg-m_1_5 brz-ff-montserrat brz-fw-lg-700 brz-fs-lg-40 brz-css-k3QAR\" data-uniq-id=\"zduub\" data-generated-css=\"brz-css-meqco\">Nuestra misi\u00f3n<\/h2>\n<\/div>\n<\/div>\n<\/div>\n<div id=\"\" class=\"brz-css-13c9sgv brz-wrapper\">\n<div class=\"brz-rich-text brz-rich-text__custom brz-css-1ezlqvm\" data-brz-custom-id=\"U8XujlzqfD\">\n<div data-brz-translate-text=\"1\">\n<p class=\"brz-mb-lg-20 brz-text-xs-center brz-tp-lg-paragraph brz-mb-xs-15 brz-text-lg-justify brz-css-mLoHn\" data-uniq-id=\"rvnsv\" data-generated-css=\"brz-css-ebzkc\"><span class=\"brz-cp-color7\">Somos un grupo experimentado de profesionales altamente capacitados en diversas \u00e1reas de la odontolog\u00eda, cuya misi\u00f3n principal es preservar la salud bucal de nuestros pacientes.<\/span><\/p>\n<p data-uniq-id=\"fylti\" data-generated-css=\"brz-css-wdsiy\" class=\"brz-mb-lg-20 brz-text-xs-center brz-tp-lg-paragraph brz-mb-xs-15 brz-bcp-color7 brz-text-lg-justify brz-css-bxSQk\"><span class=\"brz-cp-color7\">Nuestro equipo dental, liderado por el Doctor D. Luis Ca\u00f1ada, est\u00e1 comprometido en ofrecer una atenci\u00f3n odontol\u00f3gica de primera categor\u00eda y en brindar el asesoramiento pertinente para orientar en cada tratamiento. Contamos con una s\u00f3lida infraestructura que nos permite proporcionar soluciones personalizadas a la medida de cada caso, de forma \u00e1gil y eficaz.<\/span><\/p>\n<p class=\"brz-mb-lg-20 brz-text-xs-center brz-tp-lg-paragraph brz-mb-xs-15 brz-text-lg-justify brz-css-t5bDI\" data-uniq-id=\"hdrpk\" data-generated-css=\"brz-css-ijyyo\"><span class=\"brz-cp-color7\">En Anacami Salud, nos enorgullece contar con m\u00e1s de 20 a\u00f1os de trayectoria en el campo de la odontolog\u00eda y un equipo de profesionales altamente calificados, quienes estar\u00e1n dispuestos a acompa\u00f1arte y asesorarte en cada etapa de tu tratamiento dental. <\/span><\/p>\n<\/div>\n<\/div>\n<\/div>\n<div class=\"brz-wrapper-clone brz-css-jrpug2\">\n<div class=\"brz-d-xs-flex brz-flex-xs-wrap brz-css-1el63ph brz-css-gc6ovo\" data-brz-custom-id=\"\">\n<div class=\"brz-wrapper-clone__item\" id=\"gKMkdmHilY\"><a class=\"brz-a brz-btn brz-css-rwef12 brz-css-h6989j brz-css-1v6cixd brz-css-1jeyp6h\" href=\"https:\/\/anacami.com\/?page_id=319\" target=\"_blank\" rel=\"noopener\" data-brz-link-type=\"external\" data-brz-custom-id=\"gKMkdmHilY\"><span data-brz-translate-text=\"1\" class=\"brz-span brz-text__editor\">CONT\u00c1CTANOS<\/span><\/a><\/div>\n<\/div>\n<\/div>\n<\/div>\n<\/div>\n<\/div>\n<\/div>\n<\/div>\n<\/div>\n<\/section>\n<section id=\"_lQhOMtrRNX\" class=\"brz-section brz-css-t9e737\">\n<div class=\"brz-section__content brz-section--boxed brz-css-q8iyti brz-css-sq971l\" data-brz-custom-id=\"w2S6dpnA15\">\n<div class=\"brz-bg\">\n<div class=\"brz-bg-color\"><\/div>\n<\/div>\n<div class=\"brz-container brz-css-10xqahd\">\n<div class=\"brz-row__container brz-css-15ym6cp\" data-brz-custom-id=\"czhBf0o9uj\">\n<div class=\"brz-bg\"><\/div>\n<div class=\"brz-row brz-css-10e95gy brz-css-1y59jyd\">\n<div class=\"brz-columns brz-css-4txsmo brz-css-1tgjhzf\" data-brz-custom-id=\"ltihgvvpbfbrqvoaflkylfajvklvdvirqfsm\">\n<div class=\"brz-bg\"><\/div>\n<div class=\"brz-column__items brz-css-1lry32z brz-css-1z0sjbc\">\n<div class=\"brz-wrapper-clone brz-css-jrpug2 brz-css-11kcy1i\">\n<div class=\"brz-d-xs-flex brz-flex-xs-wrap brz-css-1el63ph brz-css-1k0q24t\" data-brz-custom-id=\"\">\n<div class=\"brz-wrapper-clone__item\" id=\"lrahnnduexeujimiaqyletbsxzwtbonqfvut\">\n<div class=\"brz-icon__container\" data-brz-custom-id=\"lrahnnduexeujimiaqyletbsxzwtbonqfvut\"><span class=\"brz-icon brz-span brz-css-mvaiyq brz-css-1v3jrpi\"><\/span><\/div>\n<\/div>\n<\/div>\n<\/div>\n<div id=\"\" class=\"brz-css-13c9sgv brz-css-1k63pva brz-wrapper\">\n<div class=\"brz-rich-text brz-rich-text__custom brz-css-1ezlqvm\" data-brz-custom-id=\"rdrneftxycnclxbdjgxqihxfqfwdvtyzecze\">\n<div data-brz-translate-text=\"1\">\n<h5 class=\"brz-text-xs-center brz-text-lg-left brz-tp-lg-heading5 brz-css-tNt9m\" data-uniq-id=\"ffldn\" data-generated-css=\"brz-css-fbnev\">Facilidades de pago<\/h5>\n<\/div>\n<\/div>\n<\/div>\n<div id=\"\" class=\"brz-css-13c9sgv brz-wrapper\">\n<div class=\"brz-rich-text brz-rich-text__custom brz-css-1ezlqvm\" data-brz-custom-id=\"srwsliheomyoseiadalpomifduuebhrwegxk\">\n<div data-brz-translate-text=\"1\">\n<p class=\"brz-text-xs-center brz-text-lg-left brz-tp-lg-paragraph brz-css-nctR9\" data-generated-css=\"brz-css-oppnr\" data-uniq-id=\"xapgt\"><span class=\"brz-cp-color7\">Ponemos a tu disposici\u00f3n opciones de pago c\u00f3modas para que el dinero no sea un obst\u00e1culo. <\/span><\/p>\n<\/div>\n<\/div>\n<\/div>\n<div id=\"\" class=\"brz-css-13c9sgv brz-css-teh58f brz-wrapper\">\n<div class=\"brz-spacer brz-css-73fxjq brz-css-bgo0mh\"><\/div>\n<\/div>\n<div class=\"brz-wrapper-clone brz-css-jrpug2 brz-css-10qwghq\">\n<div class=\"brz-d-xs-flex brz-flex-xs-wrap brz-css-1el63ph brz-css-1s0wfco\" data-brz-custom-id=\"\">\n<div class=\"brz-wrapper-clone__item\" id=\"xqpkbmueasmzojrhkdmiumpukusiikuafzqt\">\n<div class=\"brz-icon__container\" data-brz-custom-id=\"xqpkbmueasmzojrhkdmiumpukusiikuafzqt\"><span class=\"brz-icon brz-span brz-css-mvaiyq brz-css-1gi21ft\"><\/span><\/div>\n<\/div>\n<\/div>\n<\/div>\n<div id=\"\" class=\"brz-css-13c9sgv brz-css-1v8tt2k brz-wrapper\">\n<div class=\"brz-rich-text brz-rich-text__custom brz-css-1ezlqvm\" data-brz-custom-id=\"pirdrohpglcikkpodjldnonqorrmejumbywk\">\n<div data-brz-translate-text=\"1\">\n<h5 class=\"brz-tp-lg-heading5 brz-text-lg-left brz-text-xs-center brz-css-ztZHh\" data-generated-css=\"brz-css-nzxkk\" data-uniq-id=\"cbaor\">Control de calidad<\/h5>\n<\/div>\n<\/div>\n<\/div>\n<div id=\"\" class=\"brz-css-13c9sgv brz-wrapper\">\n<div class=\"brz-rich-text brz-rich-text__custom brz-css-1ezlqvm\" data-brz-custom-id=\"zrwqgucvwxsbpyeoaquzzmnwamltpdawykfp\">\n<div data-brz-translate-text=\"1\">\n<p class=\"brz-text-xs-center brz-text-lg-left brz-tp-lg-paragraph brz-css-jmlC1\" data-generated-css=\"brz-css-tbhih\" data-uniq-id=\"zopyo\"><span class=\"brz-cp-color7\">Seguimos unos <\/span><strong class=\"brz-cp-color7\">estrictos protocolos y controles de calidad<\/strong><span class=\"brz-cp-color7\"> para garantizar el \u00e9xito de los tratamientos. <\/span><\/p>\n<\/div>\n<\/div>\n<\/div>\n<\/div>\n<\/div>\n<div class=\"brz-columns brz-css-4txsmo brz-css-m23voe\" data-brz-custom-id=\"pfvssxcfxvopgkgqjremqtnhzbpnmokmanpt\">\n<div class=\"brz-bg\"><\/div>\n<div class=\"brz-column__items brz-css-1lry32z brz-css-1x74ufc\">\n<div class=\"brz-wrapper-clone brz-css-jrpug2 brz-css-145jdoq\">\n<div class=\"brz-d-xs-flex brz-flex-xs-wrap brz-css-1el63ph brz-css-znkpoa\" data-brz-custom-id=\"\">\n<div class=\"brz-wrapper-clone__item\" id=\"xlqefuqkmxvherfvbbfnhypgjqnzkyfhajfm\">\n<div class=\"brz-icon__container\" data-brz-custom-id=\"xlqefuqkmxvherfvbbfnhypgjqnzkyfhajfm\"><span class=\"brz-icon brz-span brz-css-mvaiyq brz-css-1l9xvqq\"><\/span><\/div>\n<\/div>\n<\/div>\n<\/div>\n<div id=\"\" class=\"brz-css-13c9sgv brz-css-ib0lgz brz-wrapper\">\n<div class=\"brz-rich-text brz-rich-text__custom brz-css-1ezlqvm\" data-brz-custom-id=\"lmnxvuiemipxlgfrbckkodcfuxmwkgjeuntr\">\n<div data-brz-translate-text=\"1\">\n<h5 class=\"brz-text-xs-center brz-text-lg-left brz-tp-lg-heading5 brz-css-oYS2b\" data-uniq-id=\"erkzy\" data-generated-css=\"brz-css-wxrvc\">Seguimiento de principio a fin<\/h5>\n<\/div>\n<\/div>\n<\/div>\n<div id=\"\" class=\"brz-css-13c9sgv brz-wrapper\">\n<div class=\"brz-rich-text brz-rich-text__custom brz-css-1ezlqvm\" data-brz-custom-id=\"bpusffdptcexqmdcqmfrgguvyvumtkjzshac\">\n<div data-brz-translate-text=\"1\">\n<p class=\"brz-tp-lg-paragraph brz-text-lg-left brz-text-xs-center brz-css-p2Tkx\" data-uniq-id=\"axhrg\" data-generated-css=\"brz-css-nmfxc\"><span class=\"brz-cp-color7\">Te acompa\u00f1amos en todo momento, desde antes de iniciar el tratamiento, durante su realizaci\u00f3n y posteriormente. Estamos disponibles para responder todas tus inquietudes. <\/span><\/p>\n<\/div>\n<\/div>\n<\/div>\n<div id=\"\" class=\"brz-css-13c9sgv brz-css-teh58f brz-wrapper\">\n<div class=\"brz-spacer brz-css-73fxjq brz-css-6x2d69\"><\/div>\n<\/div>\n<div class=\"brz-wrapper-clone brz-css-jrpug2 brz-css-10apxxs\">\n<div class=\"brz-d-xs-flex brz-flex-xs-wrap brz-css-1el63ph brz-css-7lagmb\" data-brz-custom-id=\"\">\n<div class=\"brz-wrapper-clone__item\" id=\"guwotswqjtzsofhuasruglbjhiybeiywgafv\">\n<div class=\"brz-icon__container\" data-brz-custom-id=\"guwotswqjtzsofhuasruglbjhiybeiywgafv\"><span class=\"brz-icon brz-span brz-css-mvaiyq brz-css-1t0sput\"><\/span><\/div>\n<\/div>\n<\/div>\n<\/div>\n<div id=\"\" class=\"brz-css-13c9sgv brz-css-1k90ma brz-wrapper\">\n<div class=\"brz-rich-text brz-rich-text__custom brz-css-1ezlqvm\" data-brz-custom-id=\"bmokqhmjztmtwxkbbrhiwbzploxuwwagmwhh\">\n<div data-brz-translate-text=\"1\">\n<h5 class=\"brz-text-xs-center brz-tp-lg-heading5 brz-text-lg-justify brz-css-cLev1\" data-uniq-id=\"eerxn\" data-generated-css=\"brz-css-fclxt\">Plan de tratamiento a tu medida<\/h5>\n<\/div>\n<\/div>\n<\/div>\n<div id=\"\" class=\"brz-css-13c9sgv brz-wrapper\">\n<div class=\"brz-rich-text brz-rich-text__custom brz-css-1ezlqvm\" data-brz-custom-id=\"pjivugkqedzyaysocdytduxjowvcqqjdxcaj\">\n<div data-brz-translate-text=\"1\">\n<p class=\"brz-tp-lg-paragraph brz-text-lg-left brz-text-xs-center brz-css-fWcYx\" data-uniq-id=\"vpaaf\" data-generated-css=\"brz-css-rshod\"><span class=\"brz-cp-color7\">Te proporcionamos un detallado plan personalizado al inicio del tratamiento, adaptado a tus necesidades espec\u00edficas.<\/span><\/p>\n<\/div>\n<\/div>\n<\/div>\n<\/div>\n<\/div>\n<div class=\"brz-columns brz-css-4txsmo brz-css-89yqj1\" data-brz-custom-id=\"oebcfcpoperywhptwpaqlgggsbkdbkxglsjx\">\n<div class=\"brz-bg\"><\/div>\n<div class=\"brz-column__items brz-css-1lry32z brz-css-yqn7mh\">\n<div class=\"brz-wrapper-clone brz-css-jrpug2 brz-css-qhe1o9\">\n<div class=\"brz-d-xs-flex brz-flex-xs-wrap brz-css-1el63ph brz-css-1f60u99\" data-brz-custom-id=\"\">\n<div class=\"brz-wrapper-clone__item\" id=\"cesvtveuheelcnjqqjcpshlauklaczigbrrc\">\n<div class=\"brz-icon__container\" data-brz-custom-id=\"cesvtveuheelcnjqqjcpshlauklaczigbrrc\"><span class=\"brz-icon brz-span brz-css-mvaiyq brz-css-1tb2tdj\"><\/span><\/div>\n<\/div>\n<\/div>\n<\/div>\n<div id=\"\" class=\"brz-css-13c9sgv brz-css-9bsyv8 brz-wrapper\">\n<div class=\"brz-rich-text brz-rich-text__custom brz-css-1ezlqvm\" data-brz-custom-id=\"hldynfhideugaxbfqvodstjelcaatffsomgz\">\n<div data-brz-translate-text=\"1\">\n<h5 class=\"brz-text-xs-center brz-text-lg-left brz-tp-lg-heading5 brz-css-gb1Wd\" data-uniq-id=\"ffldn\" data-generated-css=\"brz-css-fbnev\">Doctores expertos<\/h5>\n<\/div>\n<\/div>\n<\/div>\n<div id=\"\" class=\"brz-css-13c9sgv brz-wrapper\">\n<div class=\"brz-rich-text brz-rich-text__custom brz-css-1ezlqvm\" data-brz-custom-id=\"jetanhneyzwrrfrulrkhdcbxdksvdjzsjkzp\">\n<div data-brz-translate-text=\"1\">\n<p class=\"brz-text-xs-center brz-text-lg-left brz-tp-lg-paragraph brz-css-osCF9\" data-generated-css=\"brz-css-hybxj\" data-uniq-id=\"tsbzm\"><span class=\"brz-cp-color7\">Todos nuestros doctores son expertos de alta reputaci\u00f3n y demostrada trayectoria.<\/span><\/p>\n<\/div>\n<\/div>\n<\/div>\n<div id=\"\" class=\"brz-css-13c9sgv brz-css-teh58f brz-wrapper\">\n<div class=\"brz-spacer brz-css-73fxjq brz-css-8bqy8y\"><\/div>\n<\/div>\n<div class=\"brz-wrapper-clone brz-css-jrpug2\">\n<div class=\"brz-d-xs-flex brz-flex-xs-wrap brz-css-1el63ph brz-css-1h5icn\" data-brz-custom-id=\"\">\n<div class=\"brz-wrapper-clone__item\" id=\"qtjqeolivhrzuybpaibcnwhhisbeasismzsm\">\n<div class=\"brz-icon__container\" data-brz-custom-id=\"qtjqeolivhrzuybpaibcnwhhisbeasismzsm\"><span class=\"brz-icon brz-span brz-css-mvaiyq brz-css-ny0iip\"><\/span><\/div>\n<\/div>\n<\/div>\n<\/div>\n<div id=\"\" class=\"brz-css-13c9sgv brz-css-o8wcc5 brz-wrapper\">\n<div class=\"brz-rich-text brz-rich-text__custom brz-css-1ezlqvm\" data-brz-custom-id=\"uwwnlkodrlkzjjyahrubxynujwunlhktbgth\">\n<div data-brz-translate-text=\"1\">\n<h5 class=\"brz-text-xs-center brz-text-lg-left brz-tp-lg-heading5 brz-css-jSigx\" data-uniq-id=\"qsrpr\" data-generated-css=\"brz-css-enqzo\">Trato personalizado<\/h5>\n<\/div>\n<\/div>\n<\/div>\n<div id=\"\" class=\"brz-css-13c9sgv brz-wrapper\">\n<div class=\"brz-rich-text brz-rich-text__custom brz-css-1ezlqvm\" data-brz-custom-id=\"jvseqlmlbhrjmfeoxuxvryhwpayivszhttdi\">\n<div data-brz-translate-text=\"1\">\n<p class=\"brz-text-xs-center brz-text-lg-left brz-tp-lg-paragraph brz-css-nvjlZ\" data-generated-css=\"brz-css-kvyoz\" data-uniq-id=\"rpdgw\"><span class=\"brz-cp-color7\">Mereces una atenci\u00f3n cercana y dedicada. Siempre tendr\u00e1s una respuesta y te brindaremos la atenci\u00f3n necesaria para que nunca te sientas desatendido. <\/span><\/p>\n<\/div>\n<\/div>\n<\/div>\n<\/div>\n<\/div>\n<\/div>\n<\/div>\n<\/div>\n<\/div>\n<\/section>\n<section id=\"_uluurlnhphxhegzphnzqyevbwiicxzwrstoy\" class=\"brz-section brz-css-t9e737\">\n<div class=\"brz-section__content brz-section--boxed brz-css-q8iyti brz-css-1ikndu2\" data-brz-custom-id=\"nsoocnnhlulaelzgcvaerwzowylwhfktfzbj\">\n<div class=\"brz-bg\">\n<div class=\"brz-bg-color\"><\/div>\n<\/div>\n<div class=\"brz-container brz-css-10xqahd\">\n<div class=\"brz-row__container brz-css-15ym6cp\" data-brz-custom-id=\"thejsnguxkqjazmbbwebpztrhsoennuazrnu\">\n<div class=\"brz-bg\"><\/div>\n<div class=\"brz-row brz-css-10e95gy brz-css-1y59jyd\">\n<div class=\"brz-columns brz-css-4txsmo brz-css-1d1j4sx\" data-brz-custom-id=\"fjckgqudbnbzyielhcnhslafrlxxfrssdqtm\">\n<div class=\"brz-bg\"><\/div>\n<div class=\"brz-column__items brz-css-1lry32z\">\n<div id=\"\" class=\"brz-css-13c9sgv brz-wrapper\">\n<div class=\"brz-image brz-css-5643e4\" data-brz-custom-id=\"q7KJ4onmZfes\"><img decoding=\"async\" class=\"brz-img\" src=\"https:\/\/anacami.com\/wp-content\/uploads\/2024\/12\/logos-dic24.png\" alt=\"\" loading=\"lazy\"><\/div>\n<\/div>\n<\/div>\n<\/div>\n<\/div>\n<\/div>\n<div class=\"brz-row__container brz-css-15ym6cp\" data-brz-custom-id=\"biselfrfrxmyfmysfespzbpatowldptzzhwn\">\n<div class=\"brz-bg\"><\/div>\n<div class=\"brz-row brz-css-10e95gy brz-css-1y59jyd\">\n<div class=\"brz-columns brz-css-4txsmo brz-css-1k15ew9\" data-brz-custom-id=\"zcwmwhdawihdsflhgcbkvcnbkqiijcsuznrg\">\n<div class=\"brz-bg\"><\/div>\n<div class=\"brz-column__items brz-css-1lry32z\">\n<div id=\"\" class=\"brz-css-13c9sgv brz-wrapper\">\n<div class=\"brz-rich-text brz-rich-text__custom brz-css-1ezlqvm\" data-brz-custom-id=\"nsynzvkournqaytglzxhlbnrtezadcxcxepu\">\n<div data-brz-translate-text=\"1\">\n<p class=\"brz-tp-lg-paragraph brz-css-lswhY\" data-uniq-id=\"rqjyj\" data-generated-css=\"brz-css-jhkwp\">\u00a9 2023 Anacami Salud &#8211; Todos los derechos reservados<\/p>\n<\/div>\n<\/div>\n<\/div>\n<\/div>\n<\/div>\n<div class=\"brz-columns brz-css-4txsmo brz-css-12239q5\" data-brz-custom-id=\"ksecwskzcnhrpcxuxmqwtbfxaoulezazehfo\">\n<div class=\"brz-bg\"><\/div>\n<div class=\"brz-column__items brz-css-1lry32z\">\n<div id=\"\" class=\"brz-css-13c9sgv brz-wrapper\">\n<div class=\"brz-rich-text brz-rich-text__custom brz-css-1ezlqvm\" data-brz-custom-id=\"lvwknxtmidzfgmpzxunuzpxhaswlpkijcthg\">\n<div data-brz-translate-text=\"1\">\n<p class=\"brz-tp-lg-paragraph brz-css-lfiiX\" data-uniq-id=\"rqjyj\" data-generated-css=\"brz-css-jhkwp\">Aviso legal | Privacidad | Cookies<\/p>\n<\/div>\n<\/div>\n<\/div>\n<\/div>\n<\/div>\n<\/div>\n<\/div>\n<\/div>\n<\/div>\n<\/section>\n<\/div>\n<p>    <!-- version:1736980706 --><\/p>\n","protected":false},"excerpt":{"rendered":"<p>En Anacami Salud Tu salud es lo mas importante Nuestra misi\u00f3n Somos un grupo experimentado de profesionales altamente capacitados en diversas \u00e1reas de la odontolog\u00eda, cuya misi\u00f3n principal es preservar [&hellip;]<\/p>\n","protected":false},"author":1,"featured_media":0,"parent":0,"menu_order":0,"comment_status":"closed","ping_status":"closed","template":"page-builder.php","meta":[],"brizy_media":[{"id":869,"url":"https:\/\/anacami.com\/wp-content\/uploads\/2023\/05\/Captura-de-pantalla-2023-05-04-105453.png","name":"Captura-de-pantalla-2023-05-04-105453.png","meta":{"brizy_attachment_uid":"wp-0035753a4da5b38645c2a7b0e6ab4b34.png","brizy_post_uid":["74d518816177aea4949c8e68a6f72932","588d4b080aa2c5499aa98b6822f307f9","41eb4a9bd2b1e9885c13fd7b123653ae"]}},{"id":870,"url":"https:\/\/anacami.com\/wp-content\/uploads\/2023\/05\/Captura-de-pantalla-2023-05-04-110106.png","name":"Captura-de-pantalla-2023-05-04-110106.png","meta":{"brizy_attachment_uid":"wp-3583ddcf46297b952d71892b1b489085.png","brizy_post_uid":["74d518816177aea4949c8e68a6f72932","588d4b080aa2c5499aa98b6822f307f9"]}},{"id":883,"url":"https:\/\/anacami.com\/wp-content\/uploads\/2023\/05\/Captura-de-pantalla-2023-05-04-110106-1.png","name":"Captura-de-pantalla-2023-05-04-110106-1.png","meta":{"brizy_attachment_uid":"wp-32f5daa863862b90c699029f316f7a90.png","brizy_post_uid":["588d4b080aa2c5499aa98b6822f307f9"]}},{"id":952,"url":"https:\/\/anacami.com\/wp-content\/uploads\/2023\/05\/Captura-de-pantalla-2023-05-05-115139.png","name":"Captura-de-pantalla-2023-05-05-115139.png","meta":{"brizy_attachment_uid":"wp-964f1b1a598d9c6a63125682fa5c908b.png","brizy_post_uid":["588d4b080aa2c5499aa98b6822f307f9","74d518816177aea4949c8e68a6f72932"]}},{"id":1436,"url":"https:\/\/anacami.com\/wp-content\/uploads\/2024\/12\/logos-dic24.png","name":"logos-dic24.png","meta":{"brizy_attachment_uid":"wp-cfdaa08dfc901032de47d2805b255d0e.png","brizy_post_uid":["74d518816177aea4949c8e68a6f72932","7361d78e8e35c4cf94ef472ff7ce6c49","588d4b080aa2c5499aa98b6822f307f9","41eb4a9bd2b1e9885c13fd7b123653ae"]}}],"_links":{"self":[{"href":"https:\/\/anacami.com\/index.php?rest_route=\/wp\/v2\/pages\/206"}],"collection":[{"href":"https:\/\/anacami.com\/index.php?rest_route=\/wp\/v2\/pages"}],"about":[{"href":"https:\/\/anacami.com\/index.php?rest_route=\/wp\/v2\/types\/page"}],"author":[{"embeddable":true,"href":"https:\/\/anacami.com\/index.php?rest_route=\/wp\/v2\/users\/1"}],"replies":[{"embeddable":true,"href":"https:\/\/anacami.com\/index.php?rest_route=%2Fwp%2Fv2%2Fcomments&post=206"}],"version-history":[{"count":29,"href":"https:\/\/anacami.com\/index.php?rest_route=\/wp\/v2\/pages\/206\/revisions"}],"predecessor-version":[{"id":1441,"href":"https:\/\/anacami.com\/index.php?rest_route=\/wp\/v2\/pages\/206\/revisions\/1441"}],"wp:attachment":[{"href":"https:\/\/anacami.com\/index.php?rest_route=%2Fwp%2Fv2%2Fmedia&parent=206"}],"curies":[{"name":"wp","href":"https:\/\/api.w.org\/{rel}","templated":true}]}}